{"id":3,"date":"2020-04-13T03:20:53","date_gmt":"2020-04-13T03:20:53","guid":{"rendered":"https:\/\/vodovod-montaza.hr\/?page_id=3"},"modified":"2025-02-04T07:11:30","modified_gmt":"2025-02-04T07:11:30","slug":"privacy-policy","status":"publish","type":"page","link":"https:\/\/vodovod-montaza.hr\/?page_id=3","title":{"rendered":"Pristup informacijama"},"content":{"rendered":"\n<h2>PRAVO NA PRISTUP INFORMACIJAMA I PONOVNU UPORABU INFORMACIJA<\/h2>\n\n\n\n<p class=\"has-text-align-left has-black-color has-text-color\">Pravo na pristup informacijama i ponovnu uporabu informacija obuhva\u0107a pravo korisnika na tra\u017eenje i dobivanje informacije kao i obvezu tijela javne vlasti da omogu\u0107i pristup zatra\u017eenoj informaciji, odnosno da objavljuje informacije neovisno o postavljenom zahtjevu kada takvo objavljivanje proizlazi iz obveze odre\u0111ene zakonom ili drugim propisom. Pravo na pristup informacijama i ponovnu uporabu informacija ure\u0111eno je i ostvaruje se u skladu sa Zakonom o pravu na pristup informacijama (\u00bbNarodne novine\u00ab, broj 25\/13, 85\/15). Zakonom se propisuju na\u010dela prava na pristup informacijama i ponovnu uporabu informacija, ograni\u010denja prava na pristup informacijama i ponovnu uporabu informacija, postupak za ostvarivanje i za\u0161titu prava na pristup informacijama i ponovnu uporabu informacija.<\/p>\n\n\n<div class=\"wp-block-image\">\n<figure class=\"aligncenter size-full\"><img decoding=\"async\" loading=\"lazy\" width=\"200\" height=\"43\" src=\"https:\/\/vodovod-montaza.hr\/wp-content\/uploads\/2020\/04\/vodovod-montaza-1.png\" alt=\"\" class=\"wp-image-1436\"\/><\/figure><\/div>\n\n\n<hr class=\"wp-block-separator has-alpha-channel-opacity\"\/>\n\n\n\n<p class=\"has-black-color has-text-color has-medium-font-size\"><strong>SLU\u017dBENIK ZA INFORMIRANJE<\/strong><\/p>\n\n\n\n<p class=\"has-black-color has-text-color\">VODOVOD-MONTA\u017dA d.o.o. Osijek javnost informira putem slu\u017ebene web stranice dokumentima i informacijama koje posjeduje i koji su javno dostupni u elektroni\u010dkom obliku i mogu\u0107e im je pristupiti bez upu\u0107ivanja posebnog zahtjeva, a pristup svim ostalim informacijama i dokumentima ostvaruje se podno\u0161enjem usmenog ili pisanog zahtjeva.<\/p>\n\n\n\n<p class=\"has-black-color has-text-color\">Pravo na pristup informacijama i ponovnu uporabu informacija ostvaruje se podno\u0161enjem zahtjeva slu\u017ebeniku za informiranje Dru\u0161tva VODOVOD-MONTA\u017dA d.o.o. na sljede\u0107e mogu\u0107e na\u010dine:<\/p>\n\n\n\n<p class=\"has-black-color has-text-color\">putem telefona na broj: +385 (0)31 330 &#8211; 403<br>E-mail slu\u017ebeniku za informiranje:&nbsp;<a href=\"mailto:dpesut@vodovod-montaza.hr\" data-type=\"mailto\" data-id=\"mailto:dpesut@vodovod-montaza.hr\"><strong>dpesut@vodovod-montaza.hr<\/strong><\/a><\/p>\n\n\n\n<p class=\"has-black-color has-text-color\">na obrascu; <strong><a href=\"https:\/\/vodovod-montaza.hr\/wp-content\/uploads\/2024\/09\/Zahtjev-za-pristup-informacijama.doc\">Zahtjev za pristup informacijama&nbsp;\/<\/a><br><a href=\"https:\/\/vodovod-montaza.hr\/wp-content\/uploads\/2024\/09\/Zahtjev-za-dopunu-ili-ispravak-informacije.doc\">Zahtjev za dopunu ili ispravak informacije&nbsp;\/<\/a><br><a href=\"https:\/\/vodovod-montaza.hr\/wp-content\/uploads\/2024\/09\/Zahtjev-za-ponovnu-uporabu-informacija.doc\">Zahtjev za ponovnu uporabu informacija;<\/a><\/strong><\/p>\n\n\n\n<p class=\"has-black-color has-text-color\"><strong>po\u0161tom na adresu:<\/strong><br>VODOVOD-MONTA\u017dA d.o.o., Poljski put 1, 31000 Osijek, Hrvatska ;<\/p>\n\n\n\n<p class=\"has-black-color has-text-color\"><strong>osobno na adresu:<\/strong><br>Poljski put 1, 31000 Osijek, Hrvatska, od ponedjeljka do petka od 07:00 do 15:00<\/p>\n\n\n\n<p><\/p>\n\n\n\n<p><\/p>\n\n\n\n<p class=\"has-black-color has-cyan-bluish-gray-background-color has-text-color has-background has-small-font-size\"><strong>Slu\u017ebenik za informiranje:<\/strong><br><strong>Davor Pe\u0161ut, mag.iur.<br>VODOVOD-MONTA\u017dA d.o.o. Osijek, Poljski put 1, 31000 Osijek, Hrvatska<\/strong><br>Tel.: +385 (0)31 330 &#8211; 403<br>E-mail slu\u017ebenika za informiranje:&nbsp;<a href=\"mailto:dpesut@vodovod-montaza.hr\" data-type=\"mailto\" data-id=\"mailto:dpesut@vodovod-montaza.hr\"><strong>dpesut@vodovod-montaza.hr<\/strong><\/a><br>Uredovno vrijeme za rad sa strankama odre\u0111uje se od ponedjeljka do petka od 07:00 do 15:00 sati..<br>Tro\u0161kovi dostave informacija obra\u010dunavaju se prema va\u017ee\u0107em cjeniku redovnih po\u0161tanskih usluga.<\/p>\n\n\n\n<p class=\"has-black-color has-cyan-bluish-gray-background-color has-text-color has-background\"><strong>NAPOMENA:<\/strong><br>Visinu naknade stvarnih materijalnih tro\u0161kova za usluge koje nisu navedene u Kriteriju, tijelo javne vlasti odre\u0111uje na na\u010din da u visinu naknade zara\u010duna prosje\u010dnu tr\u017ei\u0161nu cijenu za uslugu, tro\u0161ak amortizacije koje ima tijelo javne vlasti te tro\u0161ak po\u0161tanskih usluga. Tro\u0161kovi dostave informacija obra\u010dunavaju se prema va\u017ee\u0107em cjeniku po\u0161tanskih usluga. Korisnik prava na informaciju treba unaprijed u cijelosti polo\u017eiti o\u010dekivani iznos stvarnih materijalnih tro\u0161kova. U slu\u010daju da korisnik prava na informaciju u roku ne polo\u017ei navedeni iznos, smatrat \u0107e se da je korisnik prava na informaciju odustao od zahtjeva.&nbsp;VODOVOD-MONTA\u017dA d.o.o.&nbsp;izdat \u0107e korisniku prava na informaciju ra\u010dun prema visini naknade odre\u0111enom u Kriteriju.<\/p>\n\n\n\n<p class=\"has-black-color has-cyan-bluish-gray-background-color has-text-color has-background\"><strong>Naknada za ponovnu uporabu informacija<\/strong><br>VODOVOD-MONTA\u017dA d.o.o. Osijek ne napla\u0107uje naknadu za ponovnu uporabu informacija kad informacije objavljuje na slu\u017ebenim internetskim stranicama.<br>Prema Kriteriju za odre\u0111ivanje visine naknade stvarnih materijalnih tro\u0161kova i tro\u0161kova dostave informacije na temelju \u010dlanka 19. stavka 2. Zakona o pravu na pristup informacijama (\u00bbNarodne novine\u00ab, broj 25\/13, 85\/15), VODOVOD-MONTA\u017dA d.o.o. Osijek mo\u017ee korisniku naplatiti stvarne materijalne tro\u0161kove ponovne uporabe informacija nastale zbog reprodukcije, davanja na uporabu i dostave informacije kao i ako je ispunjen jedan od sljede\u0107ih uvjeta:<br>1. tijelo javne vlasti prete\u017eito se financira iz vlastitih prihoda,<br>2. korisnik zahtjeva informacije kojima tijelo javne vlasti osigurava odgovaraju\u0107e prihode kojim pokriva tro\u0161kove njihova prikupljanja, izrade, reprodukcije i objave,<br>3. tijelo javne vlasti odre\u0111uje naknadu za ponovnu uporabu u skladu s objektivnim, jasnim i povjerljivim kriterijima za izra\u010dun tro\u0161kova ponovne uporabe informacije koje utvr\u0111uje uredbom Vlade Republike Hrvatske a tro\u0161kovi se izra\u010dunavaju u skladu s ra\u010dunovodstvenim pravilima koja se primjenjuju na doti\u010dna tijela javne vlasti,<br>4. ukupan godi\u0161nji prihod tijela javne vlasti ostvaren po osnovi naknade tro\u0161kova ne prelazi tro\u0161kove prikupljanja, izrade, reprodukcije i pru\u017eanja informacije, uklju\u010duju\u0107i razuman povrat ulaganja.<\/p>\n\n\n\n<hr class=\"wp-block-separator has-alpha-channel-opacity\"\/>\n\n\n\n<p class=\"has-medium-font-size\"><mark style=\"background-color:rgba(0, 0, 0, 0)\" class=\"has-inline-color has-vivid-red-color\"><strong>Interni akti<\/strong><\/mark><\/p>\n\n\n\n<div class=\"wp-block-file\"><a id=\"wp-block-file--media-0eaac7cb-35a8-4bbf-b7c4-a563ba5c0826\" href=\"https:\/\/vodovod-montaza.hr\/wp-content\/uploads\/2025\/02\/Izvjesce-o-provedbi-Zakona-o-pravu-na-pristup-informacijama-za-2024.-godinu-1.pdf\"><strong><mark style=\"background-color:rgba(0, 0, 0, 0)\" class=\"has-inline-color has-vivid-red-color\">Izvje\u0161\u0107e o provedbi Zakona o pravu na pristup informacijama za 2024. godinu Vodovod Montaza d.o.o. Osijek<\/mark><\/strong> <\/a><a href=\"https:\/\/vodovod-montaza.hr\/wp-content\/uploads\/2025\/02\/Izvjesce-o-provedbi-Zakona-o-pravu-na-pristup-informacijama-za-2024.-godinu-1.pdf\" class=\"wp-block-file__button wp-element-button\" download aria-describedby=\"wp-block-file--media-0eaac7cb-35a8-4bbf-b7c4-a563ba5c0826\">Preuzmite dokument<\/a><\/div>\n\n\n\n<div class=\"wp-block-file\"><a id=\"wp-block-file--media-11a588f3-9975-43c3-b2ce-9d8ca4022c62\" href=\"https:\/\/vodovod-montaza.hr\/wp-content\/uploads\/2024\/01\/Izvjesce-o-provedbi-Zakona-o-pravu-na-pristup-informacijama-za-2023.-godinu-Vodovod-Montaza-d.o.o.-Osijek.pdf\"><strong><mark style=\"background-color:rgba(0, 0, 0, 0)\" class=\"has-inline-color has-vivid-red-color\">Izvje\u0161\u0107e o provedbi Zakona o pravu na pristup informacijama za 2023. godinu Vodovod Montaza d.o.o. Osijek<\/mark><\/strong><\/a><a href=\"https:\/\/vodovod-montaza.hr\/wp-content\/uploads\/2024\/01\/Izvjesce-o-provedbi-Zakona-o-pravu-na-pristup-informacijama-za-2023.-godinu-Vodovod-Montaza-d.o.o.-Osijek.pdf\" class=\"wp-block-file__button wp-element-button\" download aria-describedby=\"wp-block-file--media-11a588f3-9975-43c3-b2ce-9d8ca4022c62\">Preuzmite dokument<\/a><\/div>\n\n\n\n<hr class=\"wp-block-separator has-alpha-channel-opacity\"\/>\n","protected":false},"excerpt":{"rendered":"<p>PRAVO NA PRISTUP INFORMACIJAMA I PONOVNU UPORABU INFORMACIJA Pravo na pristup informacijama i ponovnu uporabu informacija obuhva\u0107a pravo korisnika na tra\u017eenje i dobivanje informacije kao i obvezu tijela javne vlasti &#8230;<\/p>\n","protected":false},"author":1,"featured_media":1884,"parent":0,"menu_order":0,"comment_status":"closed","ping_status":"open","template":"template-fullwidth.php","meta":[],"_links":{"self":[{"href":"https:\/\/vodovod-montaza.hr\/index.php?rest_route=\/wp\/v2\/pages\/3"}],"collection":[{"href":"https:\/\/vodovod-montaza.hr\/index.php?rest_route=\/wp\/v2\/pages"}],"about":[{"href":"https:\/\/vodovod-montaza.hr\/index.php?rest_route=\/wp\/v2\/types\/page"}],"author":[{"embeddable":true,"href":"https:\/\/vodovod-montaza.hr\/index.php?rest_route=\/wp\/v2\/users\/1"}],"replies":[{"embeddable":true,"href":"https:\/\/vodovod-montaza.hr\/index.php?rest_route=%2Fwp%2Fv2%2Fcomments&post=3"}],"version-history":[{"count":47,"href":"https:\/\/vodovod-montaza.hr\/index.php?rest_route=\/wp\/v2\/pages\/3\/revisions"}],"predecessor-version":[{"id":2494,"href":"https:\/\/vodovod-montaza.hr\/index.php?rest_route=\/wp\/v2\/pages\/3\/revisions\/2494"}],"wp:featuredmedia":[{"embeddable":true,"href":"https:\/\/vodovod-montaza.hr\/index.php?rest_route=\/wp\/v2\/media\/1884"}],"wp:attachment":[{"href":"https:\/\/vodovod-montaza.hr\/index.php?rest_route=%2Fwp%2Fv2%2Fmedia&parent=3"}],"curies":[{"name":"wp","href":"https:\/\/api.w.org\/{rel}","templated":true}]}}