{"id":2571,"date":"2025-07-29T05:36:02","date_gmt":"2025-07-29T05:36:02","guid":{"rendered":"https:\/\/vodovod-montaza.hr\/?page_id=2571"},"modified":"2026-05-12T09:32:07","modified_gmt":"2026-05-12T09:32:07","slug":"poslovanje","status":"publish","type":"page","link":"https:\/\/vodovod-montaza.hr\/?page_id=2571","title":{"rendered":"Poslovanje"},"content":{"rendered":"\n<div class=\"is-vertical is-layout-flex wp-container-2 wp-block-group\">\n<div class=\"is-vertical is-layout-flex wp-container-1 wp-block-group\">\n<p><\/p>\n\n\n\n<p>&#8211;<a rel=\"noreferrer noopener\" href=\"https:\/\/vodovod.com\/media\/169\/452877\/MediumSize\/poslovni-plan-za-2026.png\/6qgxc.fjAI9Tw0NPkdHF44SOu800G7tx6oGZ735mGoYqX~~169\" data-type=\"URL\" data-id=\"https:\/\/vodovod.com\/media\/169\/452877\/MediumSize\/poslovni-plan-za-2026.png\/6qgxc.fjAI9Tw0NPkdHF44SOu800G7tx6oGZ735mGoYqX~~169\" target=\"_blank\"><strong>Poslovni plan za 2026. \u2013 <\/strong>preuzmite dokument<\/a><\/p>\n\n\n\n<p><\/p>\n\n\n\n<p>&#8211;<a rel=\"noreferrer noopener\" href=\"https:\/\/vodovod.com\/media\/169\/463560\/MediumSize\/godisnje-izvjesce-za-2025-godinu.png\/VzJ9jyx0JZlpJiFR5U25mP_5Umb5MpMq2aci7Wt6Izadl~~169\" target=\"_blank\"><strong>Godi\u0161nje izvje\u0161\u0107e za 2025. godinu<\/strong> \u2013 preuzmite dokument<\/a><\/p>\n<\/div>\n\n\n\n<p><\/p>\n\n\n\n<p>&#8211;<a rel=\"noreferrer noopener\" href=\"https:\/\/vodovod.com\/media\/169\/463559\/MediumSize\/izvjesce-neovisnog-revizora-i-godisnji-financijski-izvjestaji-2025-godina.png\/QRSJfDs-vg48ua1tZ73o1oe1PKOglgGSwiy7pFr4R_XcB~~169\" target=\"_blank\"><strong>Izvje\u0161\u0107e neovisnog revizora i godi\u0161nji financijski izvje\u0161taj za 2025.<\/strong> \u2013 preuzmite dokument<\/a><\/p>\n\n\n\n<p><\/p>\n\n\n\n<p>&#8211;<a rel=\"noreferrer noopener\" href=\"https:\/\/vodovod.com\/media\/169\/369132\/MediumSize\/poslovni-plan-za-2025-pdf.png\/XbtuZYN63yDQkfwOUL4L6YhHA7K.sWxNc1CEyU61LsZ0y~~169\" target=\"_blank\"><strong>Poslovni plan za 2025. \u2013 <\/strong>preuzmite dokument<\/a><\/p>\n\n\n\n<p><\/p>\n\n\n\n<p>&#8211;<a rel=\"noreferrer noopener\" href=\"https:\/\/vodovod.com\/media\/169\/369131\/MediumSize\/godisnje-izvjesce-za-2024-godinu-pdf.png\/1of.CxQRAvaersixcdKLcTJOdyHtUwwLY4KWahWAkergN~~169\" target=\"_blank\"><strong>Godi\u0161nje izvje\u0161\u0107e za 2024. godinu<\/strong> \u2013 preuzmite dokument<\/a><\/p>\n\n\n\n<p><\/p>\n\n\n\n<p>&#8211;<a rel=\"noreferrer noopener\" href=\"https:\/\/vodovod.com\/media\/169\/369130\/MediumSize\/izvjesce-revizora-i-godisnji-financijski-izvjestaj-za-2024-pdf.png\/TNfK9SUL6ZVnL5JVv5VBcG8Kn0AnMRXvCF7ryF6.7nmAa~~169\" target=\"_blank\"><strong>Izvje\u0161\u0107e neovisnog revizora i godi\u0161nji financijski izvje\u0161taj za 2024.<\/strong> \u2013 preuzmite dokument<\/a><\/p>\n\n\n\n<p><\/p>\n\n\n\n<p>&#8211;<a rel=\"noreferrer noopener\" href=\"https:\/\/vodovod.com\/media\/169\/369129\/MediumSize\/poslovni-plan-za-2024-pdf.png\/88sO-Zl_8.Rttq8JtNsZXQ7PiwE4nQ4EHhNlsOqOa.R9e~~169\" target=\"_blank\"><strong>Poslovni plan za 2024. <\/strong>\u2013 preuzmite dokument<\/a><\/p>\n<\/div>\n\n\n\n<figure class=\"is-layout-flex wp-block-gallery-3 wp-block-gallery has-nested-images columns-default is-cropped\"><\/figure>\n\n\n\n<hr class=\"wp-block-separator has-alpha-channel-opacity is-style-default\"\/>\n","protected":false},"excerpt":{"rendered":"<p>&#8211;Poslovni plan za 2026. \u2013 preuzmite dokument &#8211;Godi\u0161nje izvje\u0161\u0107e za 2025. godinu \u2013 preuzmite dokument &#8211;Izvje\u0161\u0107e neovisnog revizora i godi\u0161nji financijski izvje\u0161taj za 2025. \u2013 preuzmite dokument &#8211;Poslovni plan za &#8230;<\/p>\n","protected":false},"author":1,"featured_media":1581,"parent":0,"menu_order":0,"comment_status":"closed","ping_status":"closed","template":"template-fullwidth.php","meta":[],"_links":{"self":[{"href":"https:\/\/vodovod-montaza.hr\/index.php?rest_route=\/wp\/v2\/pages\/2571"}],"collection":[{"href":"https:\/\/vodovod-montaza.hr\/index.php?rest_route=\/wp\/v2\/pages"}],"about":[{"href":"https:\/\/vodovod-montaza.hr\/index.php?rest_route=\/wp\/v2\/types\/page"}],"author":[{"embeddable":true,"href":"https:\/\/vodovod-montaza.hr\/index.php?rest_route=\/wp\/v2\/users\/1"}],"replies":[{"embeddable":true,"href":"https:\/\/vodovod-montaza.hr\/index.php?rest_route=%2Fwp%2Fv2%2Fcomments&post=2571"}],"version-history":[{"count":20,"href":"https:\/\/vodovod-montaza.hr\/index.php?rest_route=\/wp\/v2\/pages\/2571\/revisions"}],"predecessor-version":[{"id":2632,"href":"https:\/\/vodovod-montaza.hr\/index.php?rest_route=\/wp\/v2\/pages\/2571\/revisions\/2632"}],"wp:featuredmedia":[{"embeddable":true,"href":"https:\/\/vodovod-montaza.hr\/index.php?rest_route=\/wp\/v2\/media\/1581"}],"wp:attachment":[{"href":"https:\/\/vodovod-montaza.hr\/index.php?rest_route=%2Fwp%2Fv2%2Fmedia&parent=2571"}],"curies":[{"name":"wp","href":"https:\/\/api.w.org\/{rel}","templated":true}]}}