{"id":1541,"date":"2020-04-23T20:40:18","date_gmt":"2020-04-23T20:40:18","guid":{"rendered":"https:\/\/vodovod-montaza.hr\/?page_id=1541"},"modified":"2020-06-04T11:01:05","modified_gmt":"2020-06-04T11:01:05","slug":"uvjeti-koristenja","status":"publish","type":"page","link":"https:\/\/vodovod-montaza.hr\/?page_id=1541","title":{"rendered":"Uvjeti kori\u0161tenja"},"content":{"rendered":"\n<div class=\"is-layout-flex wp-container-3 wp-block-columns\">\n<div class=\"is-layout-flow wp-block-column\" style=\"flex-basis:66.66%\">\n<p><strong>Op\u0107i uvjeti kori\u0161tenja web stranice<\/strong><\/p>\n\n\n\n<p>Web stranica omogu\u0107uje pregled doga\u0111anja, pra\u0107enje aktivnosti i informacija o Vodovod-Monta\u017ea d.o.o. Osijek.<\/p>\n\n\n\n<p><strong>1. Mogu\u0107nost pristupa podacima<\/strong><\/p>\n\n\n\n<p>Za pristup stranici neophodno je imati internet pretra\u017eiva\u010d i pristup internetu. Stranici se pristupa na adresi:&nbsp;<a href=\"https:\/\/vodovod-montaza.hr\">https:\/\/vodovod-montaza.hr<\/a>.<br>Korisnik na stranici ima mogu\u0107nost preuzimanja potrebne dokumentacije za podno\u0161enje zahtjeva za usluge, provjeru aktualnih cijena usluga te informacije o&nbsp;nadolaze\u0107im radovima i ostalim aktivnostima koje mogu biti u interesu korisnika.<\/p>\n\n\n\n<p><strong>2. Za\u0161tita od protupravnog kori\u0161tenja<\/strong><\/p>\n\n\n\n<p>Korisnik se obvezuje da \u0107e podatke koristiti samo za obavljanje vlastitih zadataka. Sve informacije na web stranici podlo\u017ene su promjenama, a svaka zloupotreba biti \u0107e prijavljena nadle\u017enim tijelima.<\/p>\n<\/div>\n\n\n\n<div class=\"is-layout-flow wp-block-column\" style=\"flex-basis:33.33%\">\n<p><\/p>\n<\/div>\n<\/div>\n","protected":false},"excerpt":{"rendered":"<p>Op\u0107i uvjeti kori\u0161tenja web stranice Web stranica omogu\u0107uje pregled doga\u0111anja, pra\u0107enje aktivnosti i informacija o Vodovod-Monta\u017ea d.o.o. Osijek. 1. Mogu\u0107nost pristupa podacima Za pristup stranici neophodno je imati internet pretra\u017eiva\u010d &#8230;<\/p>\n","protected":false},"author":1,"featured_media":1483,"parent":0,"menu_order":0,"comment_status":"closed","ping_status":"closed","template":"template-fullwidth.php","meta":[],"_links":{"self":[{"href":"https:\/\/vodovod-montaza.hr\/index.php?rest_route=\/wp\/v2\/pages\/1541"}],"collection":[{"href":"https:\/\/vodovod-montaza.hr\/index.php?rest_route=\/wp\/v2\/pages"}],"about":[{"href":"https:\/\/vodovod-montaza.hr\/index.php?rest_route=\/wp\/v2\/types\/page"}],"author":[{"embeddable":true,"href":"https:\/\/vodovod-montaza.hr\/index.php?rest_route=\/wp\/v2\/users\/1"}],"replies":[{"embeddable":true,"href":"https:\/\/vodovod-montaza.hr\/index.php?rest_route=%2Fwp%2Fv2%2Fcomments&post=1541"}],"version-history":[{"count":2,"href":"https:\/\/vodovod-montaza.hr\/index.php?rest_route=\/wp\/v2\/pages\/1541\/revisions"}],"predecessor-version":[{"id":1899,"href":"https:\/\/vodovod-montaza.hr\/index.php?rest_route=\/wp\/v2\/pages\/1541\/revisions\/1899"}],"wp:featuredmedia":[{"embeddable":true,"href":"https:\/\/vodovod-montaza.hr\/index.php?rest_route=\/wp\/v2\/media\/1483"}],"wp:attachment":[{"href":"https:\/\/vodovod-montaza.hr\/index.php?rest_route=%2Fwp%2Fv2%2Fmedia&parent=1541"}],"curies":[{"name":"wp","href":"https:\/\/api.w.org\/{rel}","templated":true}]}}