{"id":1539,"date":"2020-04-23T20:37:18","date_gmt":"2020-04-23T20:37:18","guid":{"rendered":"https:\/\/vodovod-montaza.hr\/?page_id=1539"},"modified":"2025-10-27T09:02:02","modified_gmt":"2025-10-27T09:02:02","slug":"impressum","status":"publish","type":"page","link":"https:\/\/vodovod-montaza.hr\/?page_id=1539","title":{"rendered":"Impressum"},"content":{"rendered":"\n<p class=\"has-normal-font-size\"><strong>VODOVOD-MONTA\u017dA d.o.o.<\/strong> za uvo\u0111enje instalacija i gra\u0111evinske radove<\/p>\n\n\n\n<p class=\"has-normal-font-size\"><strong>Adresa<\/strong>: <a href=\"https:\/\/goo.gl\/maps\/Ce4rDSSWx8y1jpnF8\">Poljski put 1, 31000 Osijek, Hrvatska<\/a><\/p>\n\n\n\n<p class=\"has-normal-font-size\"><strong>Telefon<\/strong>: +385-(0)31-330-400<br><strong>Telefax<\/strong>: +385-(0)31-330-402<\/p>\n\n\n\n<p class=\"has-normal-font-size\"><strong>Po\u0161tanski pretinac<\/strong>: 90<\/p>\n\n\n\n<p class=\"has-normal-font-size\"><strong>E-mail<\/strong>: <a rel=\"noreferrer noopener\" href=\"mailto:info@vodovod-montaza.hr\" target=\"_blank\">info@vodovod-montaza.hr<\/a><\/p>\n\n\n\n<p class=\"has-normal-font-size\">OIB: 06137568928<br>Upis u Registar Trgova\u010dkog suda u Osijeku Tt-13\/5166-2<br>MBS: 030139385<br>Mati\u010dni broj: 4124022<br>Temeljni kapital: 903.550,00 EUR <br>IBAN: HR8424020061100697480 &#8211; Erste &amp; Steierm\u00e4rkische Bank d.d.<br>IBAN: HR5323900011101346714 &#8211; Hrvatska po\u0161tanska banka d.d.                                                                     <br>IBAN: HR6223600001103137283 &#8211; Zagreba\u010dka banka d.d.<\/p>\n\n\n\n<p class=\"has-normal-font-size\"><br>Uprava: \u010dlan Uprave &#8211; direktor dru\u0161tva Karlo \u0160atvar, dipl.iur.<\/p>\n","protected":false},"excerpt":{"rendered":"<p>VODOVOD-MONTA\u017dA d.o.o. za uvo\u0111enje instalacija i gra\u0111evinske radove Adresa: Poljski put 1, 31000 Osijek, Hrvatska Telefon: +385-(0)31-330-400Telefax: +385-(0)31-330-402 Po\u0161tanski pretinac: 90 E-mail: info@vodovod-montaza.hr OIB: 06137568928Upis u Registar Trgova\u010dkog suda u &#8230;<\/p>\n","protected":false},"author":1,"featured_media":1484,"parent":0,"menu_order":0,"comment_status":"closed","ping_status":"closed","template":"template-fullwidth.php","meta":[],"_links":{"self":[{"href":"https:\/\/vodovod-montaza.hr\/index.php?rest_route=\/wp\/v2\/pages\/1539"}],"collection":[{"href":"https:\/\/vodovod-montaza.hr\/index.php?rest_route=\/wp\/v2\/pages"}],"about":[{"href":"https:\/\/vodovod-montaza.hr\/index.php?rest_route=\/wp\/v2\/types\/page"}],"author":[{"embeddable":true,"href":"https:\/\/vodovod-montaza.hr\/index.php?rest_route=\/wp\/v2\/users\/1"}],"replies":[{"embeddable":true,"href":"https:\/\/vodovod-montaza.hr\/index.php?rest_route=%2Fwp%2Fv2%2Fcomments&post=1539"}],"version-history":[{"count":11,"href":"https:\/\/vodovod-montaza.hr\/index.php?rest_route=\/wp\/v2\/pages\/1539\/revisions"}],"predecessor-version":[{"id":2605,"href":"https:\/\/vodovod-montaza.hr\/index.php?rest_route=\/wp\/v2\/pages\/1539\/revisions\/2605"}],"wp:featuredmedia":[{"embeddable":true,"href":"https:\/\/vodovod-montaza.hr\/index.php?rest_route=\/wp\/v2\/media\/1484"}],"wp:attachment":[{"href":"https:\/\/vodovod-montaza.hr\/index.php?rest_route=%2Fwp%2Fv2%2Fmedia&parent=1539"}],"curies":[{"name":"wp","href":"https:\/\/api.w.org\/{rel}","templated":true}]}}