{"id":1502,"date":"2020-04-23T19:20:24","date_gmt":"2020-04-23T19:20:24","guid":{"rendered":"https:\/\/vodovod-montaza.hr\/?page_id=1502"},"modified":"2025-10-27T09:02:34","modified_gmt":"2025-10-27T09:02:34","slug":"kontakt","status":"publish","type":"page","link":"https:\/\/vodovod-montaza.hr\/?page_id=1502","title":{"rendered":"Kontakt"},"content":{"rendered":"\n<p class=\"has-black-color has-text-color has-normal-font-size\"><strong>VODOVOD-MONTA\u017dA d.o.o.<\/strong> za uvo\u0111enje instalacija i gra\u0111evinske radove<\/p>\n\n\n\n<p class=\"has-black-color has-text-color has-normal-font-size\"><strong>Adresa<\/strong>: <a href=\"https:\/\/goo.gl\/maps\/Ce4rDSSWx8y1jpnF8\">Poljski put 1, 31000 Osijek, Hrvatska<\/a><\/p>\n\n\n\n<p class=\"has-black-color has-text-color has-normal-font-size\"><strong>Telefon<\/strong>: +385-(0)31-330-401<br><strong>Telefax<\/strong>: +385-(0)31-330-402<\/p>\n\n\n\n<p class=\"has-black-color has-text-color has-normal-font-size\"><strong>Po\u0161tanski pretinac<\/strong>: 90<\/p>\n\n\n\n<p class=\"has-black-color has-text-color has-normal-font-size\"><strong>E-po\u0161ta<\/strong>: <a rel=\"noreferrer noopener\" href=\"mailto:info@vodovod-montaza.hr\" target=\"_blank\">info@vodovod-montaza.hr<\/a><\/p>\n\n\n\n<p class=\"has-black-color has-text-color has-normal-font-size\"><strong>Dostava<\/strong> <strong>e-ra\u010duna<\/strong>: <a rel=\"noreferrer noopener\" href=\"mailto:e-racun@vodovod-montaza.hr\" target=\"_blank\">e-racun@vodovod-montaza.hr<\/a><\/p>\n\n\n\n<p class=\"has-black-color has-text-color has-normal-font-size\">OIB: 06137568928<br>Upis u Registar Trgova\u010dkog suda u Osijeku Tt-13\/5166-2<br>MBS: 030139385<br>Mati\u010dni broj: 4124022<br>Temeljni kapital: 903.550,00 EUR <br>IBAN: HR8424020061100697480 &#8211; Erste &amp; Steierm\u00e4rkische Bank d.d.<br>IBAN: HR5323900011101346714 &#8211; Hrvatska po\u0161tanska banka d.d.<br>IBAN: HR6223600001103137283 &#8211; Zagreba\u010dka banka d.d.<\/p>\n\n\n\n<p class=\"has-black-color has-text-color has-normal-font-size\"><br>Uprava: \u010dlan Uprave &#8211; direktor dru\u0161tva Karlo \u0160atvar, dipl.iur.<\/p>\n\n\n\n<figure><iframe loading=\"lazy\" src=\"https:\/\/www.google.com\/maps\/embed?pb=!1m18!1m12!1m3!1d2793.6656019769694!2d18.661729215560623!3d45.55705207910218!2m3!1f0!2f0!3f0!3m2!1i1024!2i768!4f13.1!3m3!1m2!1s0x475ce7046d73130b%3A0x761c41f49824b406!2sPoljski%20put%201%2C%2031000%2C%20Osijek%2C%20Croatia!5e0!3m2!1sen!2ssi!4v1588679589827!5m2!1sen!2ssi\" allowfullscreen=\"\" width=\"600\" height=\"450\"><\/iframe><\/figure>\n\n\n\n<div style=\"height:61px\" aria-hidden=\"true\" class=\"wp-block-spacer\"><\/div>\n\n\n\n<h3 class=\"has-black-color has-text-color\"><strong>Za\u0161tita osobnih podataka<\/strong><\/h3>\n\n\n\n<div class=\"wp-block-file\"><a id=\"wp-block-file--media-5743d965-a5f2-46be-ac53-15403bcc9bbc\" href=\"https:\/\/vodovod-montaza.hr\/wp-content\/uploads\/2021\/02\/ZAHTJEV-ZA-ISPRAVAK-DOPUNU-PROMJENU-UVID-PRIJENOS-I-DOSTAVU-OSOBNIH-PODATAKA-KOJI-SE-ZA-NJEGA-PRIKUPLJAJU.doc\"><strong><em>ZAHTJEV ZA ISPRAVAK DOPUNU PROMJENU UVID PRIJENOS I DOSTAVU OSOBNIH PODATAKA KOJI SE ZA NJEGA PRIKUPLJAJU<\/em><\/strong><\/a><a href=\"https:\/\/vodovod-montaza.hr\/wp-content\/uploads\/2021\/02\/ZAHTJEV-ZA-ISPRAVAK-DOPUNU-PROMJENU-UVID-PRIJENOS-I-DOSTAVU-OSOBNIH-PODATAKA-KOJI-SE-ZA-NJEGA-PRIKUPLJAJU.doc\" class=\"wp-block-file__button wp-element-button\" download aria-describedby=\"wp-block-file--media-5743d965-a5f2-46be-ac53-15403bcc9bbc\">Preuzmite dokument<\/a><\/div>\n\n\n\n<div class=\"wp-block-file\"><a id=\"wp-block-file--media-296203d4-93ee-4a58-9ea8-5e50b5703ad7\" href=\"https:\/\/vodovod-montaza.hr\/wp-content\/uploads\/2021\/02\/POLITIKA-ZA\u0160TITE-OSOBNIH-PODATAKA-VODOVOD-MONTA\u017dA-d.o.o.doc\"><strong><em>POLITIKA ZA\u0160TITE OSOBNIH PODATAKA VODOVOD-MONTA\u017dA d.o.o<\/em><\/strong><\/a><a href=\"https:\/\/vodovod-montaza.hr\/wp-content\/uploads\/2021\/02\/POLITIKA-ZA\u0160TITE-OSOBNIH-PODATAKA-VODOVOD-MONTA\u017dA-d.o.o.doc\" class=\"wp-block-file__button wp-element-button\" download aria-describedby=\"wp-block-file--media-296203d4-93ee-4a58-9ea8-5e50b5703ad7\">Preuzmite dokument<\/a><\/div>\n\n\n\n<div class=\"wp-block-file\"><a id=\"wp-block-file--media-6d549e4d-8156-4170-8b9b-f339f2a034bb\" href=\"https:\/\/vodovod-montaza.hr\/wp-content\/uploads\/2021\/02\/IZJAVA-O-SIGURNOJ-OBRADI-I-ZA\u0160TITI-OSOBNIH-PODATAKA.doc\"><strong><em>IZJAVA O SIGURNOJ OBRADI I ZA\u0160TITI OSOBNIH PODATAKA<\/em><\/strong><\/a><a href=\"https:\/\/vodovod-montaza.hr\/wp-content\/uploads\/2021\/02\/IZJAVA-O-SIGURNOJ-OBRADI-I-ZA\u0160TITI-OSOBNIH-PODATAKA.doc\" class=\"wp-block-file__button wp-element-button\" download aria-describedby=\"wp-block-file--media-6d549e4d-8156-4170-8b9b-f339f2a034bb\">Preuzmite dokument<\/a><\/div>\n\n\n\n<figure class=\"wp-block-pullquote alignwide has-black-color has-white-background-color has-text-color has-background\"><blockquote><p><a rel=\"noreferrer noopener\" href=\"https:\/\/vodovod-montaza.hr\/?page_id=3\" target=\"_blank\"><strong>PRISTUP INFORMACIJAMA VODOVOD-MONTA\u017dA d.o.o. OSIJEK<\/strong><\/a><\/p><\/blockquote><\/figure>\n\n\n\n<p><\/p>\n","protected":false},"excerpt":{"rendered":"<p>VODOVOD-MONTA\u017dA d.o.o. za uvo\u0111enje instalacija i gra\u0111evinske radove Adresa: Poljski put 1, 31000 Osijek, Hrvatska Telefon: +385-(0)31-330-401Telefax: +385-(0)31-330-402 Po\u0161tanski pretinac: 90 E-po\u0161ta: info@vodovod-montaza.hr Dostava e-ra\u010duna: e-racun@vodovod-montaza.hr OIB: 06137568928Upis u Registar &#8230;<\/p>\n","protected":false},"author":1,"featured_media":1483,"parent":0,"menu_order":0,"comment_status":"closed","ping_status":"closed","template":"template-fullwidth.php","meta":[],"_links":{"self":[{"href":"https:\/\/vodovod-montaza.hr\/index.php?rest_route=\/wp\/v2\/pages\/1502"}],"collection":[{"href":"https:\/\/vodovod-montaza.hr\/index.php?rest_route=\/wp\/v2\/pages"}],"about":[{"href":"https:\/\/vodovod-montaza.hr\/index.php?rest_route=\/wp\/v2\/types\/page"}],"author":[{"embeddable":true,"href":"https:\/\/vodovod-montaza.hr\/index.php?rest_route=\/wp\/v2\/users\/1"}],"replies":[{"embeddable":true,"href":"https:\/\/vodovod-montaza.hr\/index.php?rest_route=%2Fwp%2Fv2%2Fcomments&post=1502"}],"version-history":[{"count":29,"href":"https:\/\/vodovod-montaza.hr\/index.php?rest_route=\/wp\/v2\/pages\/1502\/revisions"}],"predecessor-version":[{"id":2606,"href":"https:\/\/vodovod-montaza.hr\/index.php?rest_route=\/wp\/v2\/pages\/1502\/revisions\/2606"}],"wp:featuredmedia":[{"embeddable":true,"href":"https:\/\/vodovod-montaza.hr\/index.php?rest_route=\/wp\/v2\/media\/1483"}],"wp:attachment":[{"href":"https:\/\/vodovod-montaza.hr\/index.php?rest_route=%2Fwp%2Fv2%2Fmedia&parent=1502"}],"curies":[{"name":"wp","href":"https:\/\/api.w.org\/{rel}","templated":true}]}}