{"id":1496,"date":"2020-04-23T19:15:58","date_gmt":"2020-04-23T19:15:58","guid":{"rendered":"https:\/\/vodovod-montaza.hr\/?page_id=1496"},"modified":"2020-06-24T12:33:29","modified_gmt":"2020-06-24T12:33:29","slug":"nase-usluge","status":"publish","type":"page","link":"https:\/\/vodovod-montaza.hr\/?page_id=1496","title":{"rendered":"Na\u0161e usluge"},"content":{"rendered":"\n<div class=\"is-layout-flow wp-block-group\"><div class=\"wp-block-group__inner-container\">\n<p><!-- [if gte mso 9]><xml>\n <w:WordDocument>\n  <w:View>Normal<\/w:View>\n  <w:Zoom>0<\/w:Zoom>\n  <w:HyphenationZone>21<\/w:HyphenationZone>\n  <w:Compatibility>\n   <w:BreakWrappedTables\/>\n   <w:SnapToGridInCell\/>\n   <w:ApplyBreakingRules\/>\n   <w:WrapTextWithPunct\/>\n   <w:UseAsianBreakRules\/>\n   <w:UseFELayout\/>\n  <\/w:Compatibility>\n  <w:BrowserLevel>MicrosoftInternetExplorer4<\/w:BrowserLevel>\n <\/w:WordDocument>\n<\/xml><![endif]--><\/p>\n<p><strong>Vodovod-Monta\u017ea d.o.o.<\/strong> izvodi radove u niskogradnji (vodovodi, kanalizacije, plinovodi, vrelovodi, parovodi i dr.) i visokogradnji (hoteli, trgova\u010dki centri, dvorane, \u0161kole, stambene zgrade i dr.)<\/p>\n<hr>\n<p><strong>Pokrivamo \u0161iroku paletu instalacija:<\/strong><\/p>\n<p><\/p>\n\n\n\n<\/p>\n<ul type=\"disc\">\n<li class=\"MsoNormal\" style=\"mso-margin-top-alt: auto; mso-margin-bottom-alt: auto; mso-list: l0 level1 lfo1; tab-stops: list 36.0pt;\">grijanje<\/li>\n<li class=\"MsoNormal\" style=\"mso-margin-top-alt: auto; mso-margin-bottom-alt: auto; mso-list: l0 level1 lfo1; tab-stops: list 36.0pt;\">hla\u0111enje<\/li>\n<li class=\"MsoNormal\" style=\"mso-margin-top-alt: auto; mso-margin-bottom-alt: auto; mso-list: l0 level1 lfo1; tab-stops: list 36.0pt;\">ventilaciju<\/li>\n<li class=\"MsoNormal\" style=\"mso-margin-top-alt: auto; mso-margin-bottom-alt: auto; mso-list: l0 level1 lfo1; tab-stops: list 36.0pt;\">klimatizaciju<\/li>\n<li class=\"MsoNormal\" style=\"mso-margin-top-alt: auto; mso-margin-bottom-alt: auto; mso-list: l0 level1 lfo1; tab-stops: list 36.0pt;\">instalacije vodovoda i odvodnje<\/li>\n<li class=\"MsoNormal\" style=\"mso-margin-top-alt: auto; mso-margin-bottom-alt: auto; mso-list: l0 level1 lfo1; tab-stops: list 36.0pt;\">industrijsko &#8211; tehnolo\u0161ka postrojenja<br \/><hr \/><\/li>\n<\/ul>\n<p>\n\n\n\n<\/p>\n<p><strong>Tako\u0111er, u sklopu na\u0161e tvrtke imamo i proizvodni pogon za izradu bravarskih i limarskih elemenata primjenjivih u instalacijama koje su predmetom na\u0161eg djelovanja, a i \u0161ire:<\/strong><\/p>\n<p>\n\n\n\n<\/p>\n<ul type=\"disc\">\n<li class=\"MsoNormal\" style=\"mso-margin-top-alt: auto; mso-margin-bottom-alt: auto; mso-list: l2 level1 lfo2; tab-stops: list 36.0pt;\">Ventilacijski program (ravni i spiro)<\/li>\n<li class=\"MsoNormal\" style=\"mso-margin-top-alt: auto; mso-margin-bottom-alt: auto; mso-list: l2 level1 lfo2; tab-stops: list 36.0pt;\">\u010celi\u010dne konstrukcije<\/li>\n<li class=\"MsoNormal\" style=\"mso-margin-top-alt: auto; mso-margin-bottom-alt: auto; mso-list: l2 level1 lfo2; tab-stops: list 36.0pt;\">Bravarski elementi<\/li>\n<li class=\"MsoNormal\" style=\"mso-margin-top-alt: auto; mso-margin-bottom-alt: auto; mso-list: l2 level1 lfo2; tab-stops: list 36.0pt;\">Savijanje i rezanje svih vrsta limova<br \/><hr \/><\/li>\n<\/ul>\n<p>\n\n\n\n<\/p>\n<p><strong>Osim navedenoga, u sklopu na\u0161eg proizvodnog pogona gra\u0111evinskim tvrtkama mo\u017eemo ponuditi sljede\u0107e usluge:<\/strong><\/p>\n<p>\n\n\n\n<\/p>\n<ul type=\"disc\">\n<li class=\"MsoNormal\" style=\"mso-margin-top-alt: auto; mso-margin-bottom-alt: auto; mso-list: l1 level1 lfo3; tab-stops: list 36.0pt;\">Izrada i reparacija korpi (&#8221;ka\u0161ika&#8221;) bagera<\/li>\n<li class=\"MsoNormal\" style=\"mso-margin-top-alt: auto; mso-margin-bottom-alt: auto; mso-list: l1 level1 lfo3; tab-stops: list 36.0pt;\">Sanacija i \u010di\u0161\u0107enje svih vrsta gra\u0111evinskih oplata<\/li>\n<li class=\"MsoNormal\" style=\"mso-margin-top-alt: auto; mso-margin-bottom-alt: auto; mso-list: l1 level1 lfo3; tab-stops: list 36.0pt;\">Popravci limarije na manjim i ve\u0107im teretnim vozilima<\/li>\n<li class=\"MsoNormal\" style=\"mso-margin-top-alt: auto; mso-margin-bottom-alt: auto; mso-list: l1 level1 lfo3; tab-stops: list 36.0pt;\">Antikorozivna za\u0161tita svih gra\u0111evinskih elemenata<\/li>\n<\/ul>\n<p>\n\n\n\n<\/p>\n<p>\n\n\n\n<\/p>\n<p>\n\n\n\n<\/p>\n<figure class=\"is-layout-flex wp-block-gallery-1 wp-block-gallery columns-3 is-cropped\"><\/figure>\n\n\n\n<figure class=\"is-layout-flex wp-block-gallery-3 wp-block-gallery alignfull columns-3 is-cropped\"><ul class=\"blocks-gallery-grid\"><li class=\"blocks-gallery-item\"><figure><img decoding=\"async\" loading=\"lazy\" width=\"1024\" height=\"682\" src=\"https:\/\/vodovod-montaza.hr\/wp-content\/uploads\/2020\/06\/11-1024x682.jpg\" alt=\"\" data-id=\"1968\" data-full-url=\"https:\/\/vodovod-montaza.hr\/wp-content\/uploads\/2020\/06\/11.jpg\" data-link=\"https:\/\/vodovod-montaza.hr\/?attachment_id=1968\" class=\"wp-image-1968\" srcset=\"https:\/\/vodovod-montaza.hr\/wp-content\/uploads\/2020\/06\/11-1024x682.jpg 1024w, https:\/\/vodovod-montaza.hr\/wp-content\/uploads\/2020\/06\/11-300x200.jpg 300w, https:\/\/vodovod-montaza.hr\/wp-content\/uploads\/2020\/06\/11-768x512.jpg 768w, https:\/\/vodovod-montaza.hr\/wp-content\/uploads\/2020\/06\/11-1536x1023.jpg 1536w, https:\/\/vodovod-montaza.hr\/wp-content\/uploads\/2020\/06\/11-24x16.jpg 24w, https:\/\/vodovod-montaza.hr\/wp-content\/uploads\/2020\/06\/11-36x24.jpg 36w, https:\/\/vodovod-montaza.hr\/wp-content\/uploads\/2020\/06\/11-48x32.jpg 48w, https:\/\/vodovod-montaza.hr\/wp-content\/uploads\/2020\/06\/11.jpg 1987w\" sizes=\"(max-width: 1024px) 100vw, 1024px\" \/><\/figure><\/li><li class=\"blocks-gallery-item\"><figure><img decoding=\"async\" loading=\"lazy\" width=\"1024\" height=\"680\" src=\"https:\/\/vodovod-montaza.hr\/wp-content\/uploads\/2020\/06\/svijetla-lim-1-1024x680.jpg\" alt=\"\" data-id=\"2060\" data-full-url=\"https:\/\/vodovod-montaza.hr\/wp-content\/uploads\/2020\/06\/svijetla-lim-1-scaled.jpg\" data-link=\"https:\/\/vodovod-montaza.hr\/?attachment_id=2060\" class=\"wp-image-2060\" srcset=\"https:\/\/vodovod-montaza.hr\/wp-content\/uploads\/2020\/06\/svijetla-lim-1-1024x680.jpg 1024w, https:\/\/vodovod-montaza.hr\/wp-content\/uploads\/2020\/06\/svijetla-lim-1-300x199.jpg 300w, https:\/\/vodovod-montaza.hr\/wp-content\/uploads\/2020\/06\/svijetla-lim-1-768x510.jpg 768w, https:\/\/vodovod-montaza.hr\/wp-content\/uploads\/2020\/06\/svijetla-lim-1-1536x1020.jpg 1536w, https:\/\/vodovod-montaza.hr\/wp-content\/uploads\/2020\/06\/svijetla-lim-1-2048x1360.jpg 2048w, https:\/\/vodovod-montaza.hr\/wp-content\/uploads\/2020\/06\/svijetla-lim-1-24x16.jpg 24w, https:\/\/vodovod-montaza.hr\/wp-content\/uploads\/2020\/06\/svijetla-lim-1-36x24.jpg 36w, https:\/\/vodovod-montaza.hr\/wp-content\/uploads\/2020\/06\/svijetla-lim-1-48x32.jpg 48w\" sizes=\"(max-width: 1024px) 100vw, 1024px\" \/><\/figure><\/li><li class=\"blocks-gallery-item\"><figure><img decoding=\"async\" loading=\"lazy\" width=\"1024\" height=\"679\" src=\"https:\/\/vodovod-montaza.hr\/wp-content\/uploads\/2020\/06\/14-1024x679.jpg\" alt=\"\" data-id=\"1979\" data-full-url=\"https:\/\/vodovod-montaza.hr\/wp-content\/uploads\/2020\/06\/14.jpg\" data-link=\"https:\/\/vodovod-montaza.hr\/?attachment_id=1979\" class=\"wp-image-1979\" srcset=\"https:\/\/vodovod-montaza.hr\/wp-content\/uploads\/2020\/06\/14-1024x679.jpg 1024w, https:\/\/vodovod-montaza.hr\/wp-content\/uploads\/2020\/06\/14-300x199.jpg 300w, https:\/\/vodovod-montaza.hr\/wp-content\/uploads\/2020\/06\/14-768x509.jpg 768w, https:\/\/vodovod-montaza.hr\/wp-content\/uploads\/2020\/06\/14-1536x1018.jpg 1536w, https:\/\/vodovod-montaza.hr\/wp-content\/uploads\/2020\/06\/14-24x16.jpg 24w, https:\/\/vodovod-montaza.hr\/wp-content\/uploads\/2020\/06\/14-36x24.jpg 36w, https:\/\/vodovod-montaza.hr\/wp-content\/uploads\/2020\/06\/14-48x32.jpg 48w, https:\/\/vodovod-montaza.hr\/wp-content\/uploads\/2020\/06\/14.jpg 1989w\" sizes=\"(max-width: 1024px) 100vw, 1024px\" \/><\/figure><\/li><li class=\"blocks-gallery-item\"><figure><img decoding=\"async\" src=\"https:\/\/vodovod-montaza.hr\/wp-content\/uploads\/2020\/05\/montaza_6-1-1024x680.jpg\" alt=\"\" data-id=\"1581\" data-full-url=\"https:\/\/vodovod-montaza.hr\/wp-content\/uploads\/2020\/05\/montaza_6-1.jpg\" data-link=\"https:\/\/vodovod-montaza.hr\/?attachment_id=1581\" class=\"wp-image-1581\"\/><\/figure><\/li><li class=\"blocks-gallery-item\"><figure><img decoding=\"async\" loading=\"lazy\" width=\"1024\" height=\"681\" src=\"https:\/\/vodovod-montaza.hr\/wp-content\/uploads\/2020\/04\/montaza_3-1-1024x681.jpg\" alt=\"\" data-id=\"1484\" data-full-url=\"https:\/\/vodovod-montaza.hr\/wp-content\/uploads\/2020\/04\/montaza_3-1.jpg\" data-link=\"https:\/\/vodovod-montaza.hr\/?attachment_id=1484\" class=\"wp-image-1484\" srcset=\"https:\/\/vodovod-montaza.hr\/wp-content\/uploads\/2020\/04\/montaza_3-1-1024x681.jpg 1024w, https:\/\/vodovod-montaza.hr\/wp-content\/uploads\/2020\/04\/montaza_3-1-300x200.jpg 300w, https:\/\/vodovod-montaza.hr\/wp-content\/uploads\/2020\/04\/montaza_3-1-768x511.jpg 768w, https:\/\/vodovod-montaza.hr\/wp-content\/uploads\/2020\/04\/montaza_3-1-1536x1022.jpg 1536w, https:\/\/vodovod-montaza.hr\/wp-content\/uploads\/2020\/04\/montaza_3-1.jpg 2034w\" sizes=\"(max-width: 1024px) 100vw, 1024px\" \/><\/figure><\/li><li class=\"blocks-gallery-item\"><figure><img decoding=\"async\" loading=\"lazy\" width=\"672\" height=\"928\" src=\"https:\/\/vodovod-montaza.hr\/wp-content\/uploads\/2020\/06\/17.jpg\" alt=\"\" data-id=\"1994\" data-full-url=\"https:\/\/vodovod-montaza.hr\/wp-content\/uploads\/2020\/06\/17.jpg\" data-link=\"https:\/\/vodovod-montaza.hr\/?attachment_id=1994\" class=\"wp-image-1994\" srcset=\"https:\/\/vodovod-montaza.hr\/wp-content\/uploads\/2020\/06\/17.jpg 672w, https:\/\/vodovod-montaza.hr\/wp-content\/uploads\/2020\/06\/17-217x300.jpg 217w, https:\/\/vodovod-montaza.hr\/wp-content\/uploads\/2020\/06\/17-17x24.jpg 17w, https:\/\/vodovod-montaza.hr\/wp-content\/uploads\/2020\/06\/17-26x36.jpg 26w, https:\/\/vodovod-montaza.hr\/wp-content\/uploads\/2020\/06\/17-35x48.jpg 35w\" sizes=\"(max-width: 672px) 100vw, 672px\" \/><\/figure><\/li><li class=\"blocks-gallery-item\"><figure><img decoding=\"async\" loading=\"lazy\" width=\"1024\" height=\"683\" src=\"https:\/\/vodovod-montaza.hr\/wp-content\/uploads\/2020\/06\/rez-1024x683.jpg\" alt=\"\" data-id=\"2004\" data-full-url=\"https:\/\/vodovod-montaza.hr\/wp-content\/uploads\/2020\/06\/rez-scaled.jpg\" data-link=\"https:\/\/vodovod-montaza.hr\/?attachment_id=2004\" class=\"wp-image-2004\" srcset=\"https:\/\/vodovod-montaza.hr\/wp-content\/uploads\/2020\/06\/rez-1024x683.jpg 1024w, https:\/\/vodovod-montaza.hr\/wp-content\/uploads\/2020\/06\/rez-300x200.jpg 300w, https:\/\/vodovod-montaza.hr\/wp-content\/uploads\/2020\/06\/rez-768x512.jpg 768w, https:\/\/vodovod-montaza.hr\/wp-content\/uploads\/2020\/06\/rez-1536x1024.jpg 1536w, https:\/\/vodovod-montaza.hr\/wp-content\/uploads\/2020\/06\/rez-2048x1365.jpg 2048w, https:\/\/vodovod-montaza.hr\/wp-content\/uploads\/2020\/06\/rez-24x16.jpg 24w, https:\/\/vodovod-montaza.hr\/wp-content\/uploads\/2020\/06\/rez-36x24.jpg 36w, https:\/\/vodovod-montaza.hr\/wp-content\/uploads\/2020\/06\/rez-48x32.jpg 48w\" sizes=\"(max-width: 1024px) 100vw, 1024px\" \/><\/figure><\/li><li class=\"blocks-gallery-item\"><figure><img decoding=\"async\" loading=\"lazy\" width=\"1024\" height=\"680\" src=\"https:\/\/vodovod-montaza.hr\/wp-content\/uploads\/2020\/04\/montaza_7-1-1024x680.jpg\" alt=\"\" data-id=\"1488\" data-full-url=\"https:\/\/vodovod-montaza.hr\/wp-content\/uploads\/2020\/04\/montaza_7-1.jpg\" data-link=\"https:\/\/vodovod-montaza.hr\/?attachment_id=1488\" class=\"wp-image-1488\" srcset=\"https:\/\/vodovod-montaza.hr\/wp-content\/uploads\/2020\/04\/montaza_7-1-1024x680.jpg 1024w, https:\/\/vodovod-montaza.hr\/wp-content\/uploads\/2020\/04\/montaza_7-1-300x199.jpg 300w, https:\/\/vodovod-montaza.hr\/wp-content\/uploads\/2020\/04\/montaza_7-1-768x510.jpg 768w, https:\/\/vodovod-montaza.hr\/wp-content\/uploads\/2020\/04\/montaza_7-1-1536x1020.jpg 1536w, https:\/\/vodovod-montaza.hr\/wp-content\/uploads\/2020\/04\/montaza_7-1.jpg 2038w\" sizes=\"(max-width: 1024px) 100vw, 1024px\" \/><\/figure><\/li><li class=\"blocks-gallery-item\"><figure><img decoding=\"async\" loading=\"lazy\" width=\"1020\" height=\"1024\" src=\"https:\/\/vodovod-montaza.hr\/wp-content\/uploads\/2020\/06\/13-1020x1024.jpg\" alt=\"\" data-id=\"1973\" data-full-url=\"https:\/\/vodovod-montaza.hr\/wp-content\/uploads\/2020\/06\/13.jpg\" data-link=\"https:\/\/vodovod-montaza.hr\/?attachment_id=1973\" class=\"wp-image-1973\" srcset=\"https:\/\/vodovod-montaza.hr\/wp-content\/uploads\/2020\/06\/13-1020x1024.jpg 1020w, https:\/\/vodovod-montaza.hr\/wp-content\/uploads\/2020\/06\/13-300x300.jpg 300w, https:\/\/vodovod-montaza.hr\/wp-content\/uploads\/2020\/06\/13-150x150.jpg 150w, https:\/\/vodovod-montaza.hr\/wp-content\/uploads\/2020\/06\/13-768x771.jpg 768w, https:\/\/vodovod-montaza.hr\/wp-content\/uploads\/2020\/06\/13-1530x1536.jpg 1530w, https:\/\/vodovod-montaza.hr\/wp-content\/uploads\/2020\/06\/13-2040x2048.jpg 2040w, https:\/\/vodovod-montaza.hr\/wp-content\/uploads\/2020\/06\/13-24x24.jpg 24w, https:\/\/vodovod-montaza.hr\/wp-content\/uploads\/2020\/06\/13-36x36.jpg 36w, https:\/\/vodovod-montaza.hr\/wp-content\/uploads\/2020\/06\/13-48x48.jpg 48w\" sizes=\"(max-width: 1020px) 100vw, 1020px\" \/><\/figure><\/li><li class=\"blocks-gallery-item\"><figure><img decoding=\"async\" loading=\"lazy\" width=\"1024\" height=\"680\" src=\"https:\/\/vodovod-montaza.hr\/wp-content\/uploads\/2020\/04\/montaza_4-1-1024x680.jpg\" alt=\"\" data-id=\"1485\" data-full-url=\"https:\/\/vodovod-montaza.hr\/wp-content\/uploads\/2020\/04\/montaza_4-1.jpg\" data-link=\"https:\/\/vodovod-montaza.hr\/?attachment_id=1485\" class=\"wp-image-1485\" srcset=\"https:\/\/vodovod-montaza.hr\/wp-content\/uploads\/2020\/04\/montaza_4-1-1024x680.jpg 1024w, https:\/\/vodovod-montaza.hr\/wp-content\/uploads\/2020\/04\/montaza_4-1-300x199.jpg 300w, https:\/\/vodovod-montaza.hr\/wp-content\/uploads\/2020\/04\/montaza_4-1-768x510.jpg 768w, https:\/\/vodovod-montaza.hr\/wp-content\/uploads\/2020\/04\/montaza_4-1-1536x1020.jpg 1536w, https:\/\/vodovod-montaza.hr\/wp-content\/uploads\/2020\/04\/montaza_4-1.jpg 2038w\" sizes=\"(max-width: 1024px) 100vw, 1024px\" \/><\/figure><\/li><li class=\"blocks-gallery-item\"><figure><img decoding=\"async\" loading=\"lazy\" width=\"1024\" height=\"690\" src=\"https:\/\/vodovod-montaza.hr\/wp-content\/uploads\/2020\/06\/15-1024x690.jpg\" alt=\"\" data-id=\"1972\" data-full-url=\"https:\/\/vodovod-montaza.hr\/wp-content\/uploads\/2020\/06\/15.jpg\" data-link=\"https:\/\/vodovod-montaza.hr\/?attachment_id=1972\" class=\"wp-image-1972\" srcset=\"https:\/\/vodovod-montaza.hr\/wp-content\/uploads\/2020\/06\/15-1024x690.jpg 1024w, https:\/\/vodovod-montaza.hr\/wp-content\/uploads\/2020\/06\/15-300x202.jpg 300w, https:\/\/vodovod-montaza.hr\/wp-content\/uploads\/2020\/06\/15-768x517.jpg 768w, https:\/\/vodovod-montaza.hr\/wp-content\/uploads\/2020\/06\/15-1536x1035.jpg 1536w, https:\/\/vodovod-montaza.hr\/wp-content\/uploads\/2020\/06\/15-2048x1380.jpg 2048w, https:\/\/vodovod-montaza.hr\/wp-content\/uploads\/2020\/06\/15-24x16.jpg 24w, https:\/\/vodovod-montaza.hr\/wp-content\/uploads\/2020\/06\/15-36x24.jpg 36w, https:\/\/vodovod-montaza.hr\/wp-content\/uploads\/2020\/06\/15-48x32.jpg 48w\" sizes=\"(max-width: 1024px) 100vw, 1024px\" \/><\/figure><\/li><li class=\"blocks-gallery-item\"><figure><img decoding=\"async\" loading=\"lazy\" width=\"1024\" height=\"681\" src=\"https:\/\/vodovod-montaza.hr\/wp-content\/uploads\/2020\/06\/66-1024x681.jpg\" alt=\"\" data-id=\"2021\" data-full-url=\"https:\/\/vodovod-montaza.hr\/wp-content\/uploads\/2020\/06\/66-scaled.jpg\" data-link=\"https:\/\/vodovod-montaza.hr\/?attachment_id=2021\" class=\"wp-image-2021\" srcset=\"https:\/\/vodovod-montaza.hr\/wp-content\/uploads\/2020\/06\/66-1024x681.jpg 1024w, https:\/\/vodovod-montaza.hr\/wp-content\/uploads\/2020\/06\/66-300x200.jpg 300w, https:\/\/vodovod-montaza.hr\/wp-content\/uploads\/2020\/06\/66-768x511.jpg 768w, https:\/\/vodovod-montaza.hr\/wp-content\/uploads\/2020\/06\/66-1536x1022.jpg 1536w, https:\/\/vodovod-montaza.hr\/wp-content\/uploads\/2020\/06\/66-2048x1362.jpg 2048w, https:\/\/vodovod-montaza.hr\/wp-content\/uploads\/2020\/06\/66-24x16.jpg 24w, https:\/\/vodovod-montaza.hr\/wp-content\/uploads\/2020\/06\/66-36x24.jpg 36w, https:\/\/vodovod-montaza.hr\/wp-content\/uploads\/2020\/06\/66-48x32.jpg 48w\" sizes=\"(max-width: 1024px) 100vw, 1024px\" \/><\/figure><\/li><\/ul><\/figure>\n<\/div><\/div>\n","protected":false},"excerpt":{"rendered":"<p>Vodovod-Monta\u017ea d.o.o. izvodi radove u niskogradnji (vodovodi, kanalizacije, plinovodi, vrelovodi, parovodi i dr.) i visokogradnji (hoteli, trgova\u010dki centri, dvorane, \u0161kole, stambene zgrade i dr.) Pokrivamo \u0161iroku paletu instalacija: grijanje hla\u0111enje &#8230;<\/p>\n","protected":false},"author":1,"featured_media":1484,"parent":0,"menu_order":0,"comment_status":"closed","ping_status":"closed","template":"template-fullwidth.php","meta":[],"_links":{"self":[{"href":"https:\/\/vodovod-montaza.hr\/index.php?rest_route=\/wp\/v2\/pages\/1496"}],"collection":[{"href":"https:\/\/vodovod-montaza.hr\/index.php?rest_route=\/wp\/v2\/pages"}],"about":[{"href":"https:\/\/vodovod-montaza.hr\/index.php?rest_route=\/wp\/v2\/types\/page"}],"author":[{"embeddable":true,"href":"https:\/\/vodovod-montaza.hr\/index.php?rest_route=\/wp\/v2\/users\/1"}],"replies":[{"embeddable":true,"href":"https:\/\/vodovod-montaza.hr\/index.php?rest_route=%2Fwp%2Fv2%2Fcomments&post=1496"}],"version-history":[{"count":24,"href":"https:\/\/vodovod-montaza.hr\/index.php?rest_route=\/wp\/v2\/pages\/1496\/revisions"}],"predecessor-version":[{"id":2066,"href":"https:\/\/vodovod-montaza.hr\/index.php?rest_route=\/wp\/v2\/pages\/1496\/revisions\/2066"}],"wp:featuredmedia":[{"embeddable":true,"href":"https:\/\/vodovod-montaza.hr\/index.php?rest_route=\/wp\/v2\/media\/1484"}],"wp:attachment":[{"href":"https:\/\/vodovod-montaza.hr\/index.php?rest_route=%2Fwp%2Fv2%2Fmedia&parent=1496"}],"curies":[{"name":"wp","href":"https:\/\/api.w.org\/{rel}","templated":true}]}}