{"id":1493,"date":"2020-04-23T19:14:05","date_gmt":"2020-04-23T19:14:05","guid":{"rendered":"https:\/\/vodovod-montaza.hr\/?page_id=1493"},"modified":"2025-10-27T09:01:21","modified_gmt":"2025-10-27T09:01:21","slug":"o-nama","status":"publish","type":"page","link":"https:\/\/vodovod-montaza.hr\/?page_id=1493","title":{"rendered":"O nama"},"content":{"rendered":"\n<p><p style=\"text-align: justify;\">Uslijed promjene zakonskih regulativa, sva komunalna poduze\u0107a u Republici Hrvatskoj bila su obvezna izdvojiti svoje tr\u017ei\u0161no orijentirane cjeline. Krajem 2013. godine tako je iz tvrtke Vodovod-Osijek d.o.o. izdvojen novi samostalni poslovni subjekt &#8211; Vodovod-Monta\u017ea d.o.o., a kao sljednik Poslovne jedinice Monta\u017ea.<\/p>\n\n\n\n<p>                                                                                                                                                                                  <p style=\"text-align: justify;\">Vodovod-Monta\u017ea d.o.o. u potpunosti je preuzela vrstu i obujam djelatnosti dotada\u0161nje PJ Monta\u017ea, dugogodi\u0161njeg lidera na monta\u017eerskoj sceni u Republici Hrvatskoj, a i biv\u0161oj Jugoslaviji.                                                                                                                              Temeljem odredbi Zakona&nbsp; o nacionalnoj klasifikaciji djelatnosti (NN98\/94) i Obavijesti o razvrstavanju poslovnog subjekta prema NKD-u 2007.od 15. studenog 2013.godine, definirana djelatnost je:&nbsp;<strong>uvo\u0111enje instalacija vodovoda,&nbsp;kanalizacije i plina i instalacija za grijanje i klimatizaciju<\/strong>.<\/p>\n\n\n\n<hr class=\"wp-block-separator has-alpha-channel-opacity\"\/>\n\n\n\n<p style=\"font-size:16px\"><strong>Uprava<\/strong><\/p>\n\n\n\n<p>sastoji se od jednog \u010dlana Uprave \u2013 direktor dru\u0161tva Karlo \u0160atvar, dipl.iur. Direktor vodi poslove, usmjerava, nadzire, zastupa i predstavlja Tvrtku na najvi\u0161oj razini pojedina\u010dno i samostalno.<\/p>\n\n\n\n<hr class=\"wp-block-separator has-alpha-channel-opacity\"\/>\n\n\n\n<p class=\"has-text-color\" style=\"color:#848788;font-size:16px\"><strong>Organizacijsko funkcionalni ustroj Tvrtke<\/strong><\/p>\n\n\n\n<ul>\n<li><strong>Ured Uprave<\/strong>\n<ul>\n<li>Pravna i kadrovska slu\u017eba<\/li>\n<\/ul>\n<\/li>\n\n\n\n<li><strong>PJ Operativa<\/strong>\n<ul>\n<li>Pogon proizvodnje<\/li>\n<\/ul>\n<\/li>\n\n\n\n<li><strong>Slu\u017eba komercijalnih poslova<\/strong>\n<ul>\n<li>Odjel prodaje i nabave<\/li>\n<\/ul>\n<\/li>\n\n\n\n<li><strong>Slu\u017eba Financija i ra\u010dunovodstva<\/strong><\/li>\n<\/ul>\n\n\n\n<hr class=\"wp-block-separator has-alpha-channel-opacity\"\/>\n","protected":false},"excerpt":{"rendered":"<p>Uslijed promjene zakonskih regulativa, sva komunalna poduze\u0107a u Republici Hrvatskoj bila su obvezna izdvojiti svoje tr\u017ei\u0161no orijentirane cjeline. Krajem 2013. godine tako je iz tvrtke Vodovod-Osijek d.o.o. izdvojen novi samostalni &#8230;<\/p>\n","protected":false},"author":1,"featured_media":1485,"parent":0,"menu_order":0,"comment_status":"closed","ping_status":"closed","template":"template-fullwidth.php","meta":[],"_links":{"self":[{"href":"https:\/\/vodovod-montaza.hr\/index.php?rest_route=\/wp\/v2\/pages\/1493"}],"collection":[{"href":"https:\/\/vodovod-montaza.hr\/index.php?rest_route=\/wp\/v2\/pages"}],"about":[{"href":"https:\/\/vodovod-montaza.hr\/index.php?rest_route=\/wp\/v2\/types\/page"}],"author":[{"embeddable":true,"href":"https:\/\/vodovod-montaza.hr\/index.php?rest_route=\/wp\/v2\/users\/1"}],"replies":[{"embeddable":true,"href":"https:\/\/vodovod-montaza.hr\/index.php?rest_route=%2Fwp%2Fv2%2Fcomments&post=1493"}],"version-history":[{"count":51,"href":"https:\/\/vodovod-montaza.hr\/index.php?rest_route=\/wp\/v2\/pages\/1493\/revisions"}],"predecessor-version":[{"id":2604,"href":"https:\/\/vodovod-montaza.hr\/index.php?rest_route=\/wp\/v2\/pages\/1493\/revisions\/2604"}],"wp:featuredmedia":[{"embeddable":true,"href":"https:\/\/vodovod-montaza.hr\/index.php?rest_route=\/wp\/v2\/media\/1485"}],"wp:attachment":[{"href":"https:\/\/vodovod-montaza.hr\/index.php?rest_route=%2Fwp%2Fv2%2Fmedia&parent=1493"}],"curies":[{"name":"wp","href":"https:\/\/api.w.org\/{rel}","templated":true}]}}